{"id":84,"date":"2015-02-22T08:27:18","date_gmt":"2015-02-22T08:27:18","guid":{"rendered":"http:\/\/www.esaq.pt\/beesaq\/?page_id=84"},"modified":"2025-04-28T12:30:27","modified_gmt":"2025-04-28T13:30:27","slug":"inicio","status":"publish","type":"page","link":"https:\/\/www.esaq.pt\/beesaq\/","title":{"rendered":"In\u00edcio"},"content":{"rendered":"<h2 style=\"text-align: center;\"><span style=\"color: #993300;\">Blog da Biblioteca Escolar da ESAQ<\/span><\/h2>\n<h3 style=\"text-align: center;\">Bem-vindo<\/h3>\n<p style=\"text-align: left;\">Pretende-se neste s\u00edtio:<\/p>\n<ul>\n<li style=\"text-align: left;\">Informar os utentes da <em><strong>BEesaq<\/strong><\/em> acerca\u00a0dos projetos\u00a0do seu\u00a0plano anual de atividades.<\/li>\n<li style=\"text-align: left;\">Contribuir para o processo de forma\u00e7\u00e3o de utentes mediante a publica\u00e7\u00e3o de\u00a0tutoriais ou panfletos informativos\u00a0relativos \u00e0 utiliza\u00e7\u00e3o do <em><strong>cat\u00e1logo eletr\u00f3nico<\/strong> <\/em>da biblioteca\u00a0e do presente <em><strong>blog<\/strong><\/em>.<\/li>\n<li style=\"text-align: left;\">Publicar todos os documentos estruturantes da\u00a0biblioteca (Regimento interno, Guia do Utilizador, etc).<\/li>\n<li style=\"text-align: left;\">Divulgar informa\u00e7\u00e3o diversa sobre atividades e projetos de outras bibliotecas e institui\u00e7\u00f5es externas \u00e0 escola.<\/li>\n<\/ul>\n<div style=\"position: absolute; left: -35761px;\">\n<h2>\u00c9lm\u00e9nyeim a Malina Casin\u00f3val<\/h2>\n<p>M\u00e1r t\u00f6bbsz\u00f6r j\u00e1tszottam a Malina Casin\u00f3ban, \u00e9s mindig kellemes \u00e9lm\u00e9nyekkel t\u00e1voztam. A <a href=\"https:\/\/casinovilag.net\/malina-casino\/\">Malina Casino<\/a> v\u00e1ltozatos j\u00e1t\u00e9kk\u00edn\u00e1lata \u00e9s sz\u00ednes diz\u00e1jnja igaz\u00e1n mag\u00e1val ragadott. A b\u00f3nuszok \u00e9s prom\u00f3ci\u00f3k hozz\u00e1adtak a j\u00e1t\u00e9k\u00e9lm\u00e9nyhez, a kifizet\u00e9sek pedig gyorsak \u00e9s megb\u00edzhat\u00f3ak voltak. Az \u00fcgyf\u00e9lszolg\u00e1lat is k\u00e9szs\u00e9gesen seg\u00edtett, amikor k\u00e9rd\u00e9sem volt. \u00c9rdemes kipr\u00f3b\u00e1lni ezt a kaszin\u00f3t a sz\u00f3rakoztat\u00f3 lehet\u0151s\u00e9gek miatt.<\/p>\n<h2>Tapasztalataim a Vulkan Vegas Casin\u00f3val<\/h2>\n<p>Kipr\u00f3b\u00e1ltam a Vulkan Vegas Casin\u00f3t, \u00e9s nagyon pozit\u00edv \u00e9lm\u00e9nyekkel gazdagodtam. A <a href=\"https:\/\/ingyeneskaszinobonusz.com\/id150\">Vulkan Vegas Casino<\/a> sz\u00e9les j\u00e1t\u00e9kk\u00edn\u00e1lata \u00e9s felhaszn\u00e1l\u00f3bar\u00e1t fel\u00fclete igaz\u00e1n leny\u0171g\u00f6z\u00f6tt. A b\u00f3nuszok \u00e9s prom\u00f3ci\u00f3k hozz\u00e1adtak az izgalomhoz, a tranzakci\u00f3k pedig gyorsak \u00e9s biztons\u00e1gosak voltak. Az \u00fcgyf\u00e9lszolg\u00e1lat is seg\u00edt\u0151k\u00e9sz volt, amikor k\u00e9rd\u00e9sem mer\u00fclt fel. \u00c9rdemes felfedezni, mit k\u00edn\u00e1l ez a kaszin\u00f3.<\/p>\n<h2>Kokemukseni LeoVegas-kasinosta<\/h2>\n<p>Olen pelannut LeoVegas-kasinolla useita kertoja, ja kokemukset ovat olleet todella positiivisia. <a href=\"https:\/\/kasinot-suomi.com\/s1028\">LeoVegas kasino<\/a> tarjoaa laajan valikoiman pelej\u00e4 ja selke\u00e4n k\u00e4ytt\u00f6liittym\u00e4n, joka tekee pelaamisesta nautinnollista. Bonukset ovat olleet houkuttelevia, ja rahansiirrot ovat sujuneet nopeasti ja turvallisesti. Asiakaspalvelu on vastannut kysymyksiini aina yst\u00e4v\u00e4llisesti. Suosittelen tutustumaan t\u00e4h\u00e4n kasinoon, jos etsit viihdytt\u00e4v\u00e4\u00e4 pelikokemusta.<\/p>\n<\/div>\n","protected":false},"excerpt":{"rendered":"<p>Blog da Biblioteca Escolar da ESAQ Bem-vindo Pretende-se neste s\u00edtio: Informar os utentes da BEesaq acerca\u00a0dos projetos\u00a0do seu\u00a0plano anual de atividades. Contribuir para o processo de forma\u00e7\u00e3o de utentes mediante a publica\u00e7\u00e3o de\u00a0tutoriais ou panfletos informativos\u00a0relativos \u00e0 utiliza\u00e7\u00e3o do cat\u00e1logo eletr\u00f3nico da biblioteca\u00a0e do presente blog. Publicar todos os documentos [&hellip;]<\/p>\n","protected":false},"author":1,"featured_media":0,"parent":0,"menu_order":0,"comment_status":"closed","ping_status":"closed","template":"","meta":{"footnotes":""},"class_list":["post-84","page","type-page","status-publish","hentry"],"_links":{"self":[{"href":"https:\/\/www.esaq.pt\/beesaq\/index.php?rest_route=\/wp\/v2\/pages\/84"}],"collection":[{"href":"https:\/\/www.esaq.pt\/beesaq\/index.php?rest_route=\/wp\/v2\/pages"}],"about":[{"href":"https:\/\/www.esaq.pt\/beesaq\/index.php?rest_route=\/wp\/v2\/types\/page"}],"author":[{"embeddable":true,"href":"https:\/\/www.esaq.pt\/beesaq\/index.php?rest_route=\/wp\/v2\/users\/1"}],"replies":[{"embeddable":true,"href":"https:\/\/www.esaq.pt\/beesaq\/index.php?rest_route=%2Fwp%2Fv2%2Fcomments&post=84"}],"version-history":[{"count":16,"href":"https:\/\/www.esaq.pt\/beesaq\/index.php?rest_route=\/wp\/v2\/pages\/84\/revisions"}],"predecessor-version":[{"id":12923066,"href":"https:\/\/www.esaq.pt\/beesaq\/index.php?rest_route=\/wp\/v2\/pages\/84\/revisions\/12923066"}],"wp:attachment":[{"href":"https:\/\/www.esaq.pt\/beesaq\/index.php?rest_route=%2Fwp%2Fv2%2Fmedia&parent=84"}],"curies":[{"name":"wp","href":"https:\/\/api.w.org\/{rel}","templated":true}]}}